{"id":601,"date":"2025-12-04T09:23:50","date_gmt":"2025-12-04T08:23:50","guid":{"rendered":"https:\/\/hrcore.eu\/avis-legal\/"},"modified":"2025-12-04T09:23:50","modified_gmt":"2025-12-04T08:23:50","slug":"avis-legal","status":"publish","type":"page","link":"https:\/\/hrcore.eu\/ca\/avis-legal\/","title":{"rendered":"Av\u00eds Legal"},"content":{"rendered":"<p class=\"font_8 wixui-rich-text__text\"><span class=\"wixui-rich-text__text\">De conformitat amb el que estableix la Llei 34\/2002, d&#8217;11 de juliol, de serveis de la societat de la informaci\u00f3 i de comer\u00e7 electr\u00f2nic, es facilita la informaci\u00f3 seg\u00fcent:<\/span><\/p>\n<p class=\"font_8 wixui-rich-text__text\"><span class=\"wixui-rich-text__text\"><span class=\"wixGuard wixui-rich-text__text\">\u200b<\/span><\/span><\/p>\n<p class=\"font_8 wixui-rich-text__text\"><span class=\"wixui-rich-text__text\">DADES IDENTIFICATIVES<\/span><\/p>\n<p class=\"font_8 wixui-rich-text__text\"><span class=\"wixui-rich-text__text\">Vost\u00e8 est\u00e0 visitant la p\u00e0gina web <a class=\"wixui-rich-text__text\" href=\"http:\/\/www.hrcore.es\/\" target=\"_blank\" rel=\"noopener\" data-auto-recognition=\"true\">www.hrcore.es<\/a> titularitat PAVIA I ASSOCIATS SERV. EMP. S.L. (HRCORE), amb domicili social en C\/ TOLEDO, 8 (13001 CIUTAT REAL) CIUTAT REAL, amb N.I.F. B13516372, inscrita en el Registre Mercantil de Ciudad Real, en el Tom 526 Foli 201, Full CR-20765, en endavant, el TITULAR.  <\/span><\/p>\n<p class=\"font_8 wixui-rich-text__text\"><span class=\"wixui-rich-text__text\">Pot contactar amb el Titular per qualsevol dels mitjans seg\u00fcents:<\/span><\/p>\n<p class=\"font_8 wixui-rich-text__text\"><span class=\"wixui-rich-text__text\">Tel\u00e8fon: 654100121<\/span><\/p>\n<p class=\"font_8 wixui-rich-text__text\"><span class=\"wixui-rich-text__text\">Correu electr\u00f2nic de contacte: <a class=\"wixui-rich-text__text\" href=\"mailto:info@hrcore.es\" data-auto-recognition=\"true\">info@hrcore.es<\/a><\/span><\/p>\n<p class=\"font_8 wixui-rich-text__text\"><span class=\"wixui-rich-text__text\"><span class=\"wixGuard wixui-rich-text__text\">\u200b<\/span><\/span><\/p>\n<p class=\"font_8 wixui-rich-text__text\"><span class=\"wixui-rich-text__text\">USUARIS<\/span><\/p>\n<p class=\"font_8 wixui-rich-text__text\"><span class=\"wixui-rich-text__text\">Mitjan\u00e7ant aquest document posem en el seu coneixement els termes i condicions que regulen l&#8217;acc\u00e9s i \u00fas dels llocs web i aplicacions app m\u00f2bils del Titular, aix\u00ed com dels serveis i continguts associats a aquests llocs i aplicacions (en endavant tamb\u00e9 el\/s lloc\/s o els llocs web i app m\u00f2bils).<\/span><\/p>\n<p class=\"font_8 wixui-rich-text__text\"><span class=\"wixui-rich-text__text\"><span class=\"wixGuard wixui-rich-text__text\">\u200b<\/span><\/span><\/p>\n<p class=\"font_8 wixui-rich-text__text\"><span class=\"wixui-rich-text__text\">L&#8217;acc\u00e9s o \u00fas de qualsevol interessat a un lloc web i\/o app del Titular, implica que l&#8217;interessat adquireix la condici\u00f3 d'&#8221;usuari&#8221; i amb aquesta condici\u00f3, una s\u00e8rie de drets i obligacions.<\/span><\/p>\n<p class=\"font_8 wixui-rich-text__text\"><span class=\"wixui-rich-text__text\"><span class=\"wixGuard wixui-rich-text__text\">\u200b<\/span><\/span><\/p>\n<p class=\"font_8 wixui-rich-text__text\"><span class=\"wixui-rich-text__text\">\u00c9s la seva responsabilitat accedir a les condicions legals insertes en la present web i llegir-les detingudament, aix\u00ed com, les pol\u00edtiques de privacitat, cookies o en el seu cas, condicions de venda. Recomanem: <\/span><\/p>\n<ol class=\"font_8 wixui-rich-text__text\">\n<li class=\"wixui-rich-text__text\">\n<p class=\"font_8 wixui-rich-text__text\"><span class=\"wixui-rich-text__text\">Que visiti les mateixes cada vegada que pretengui accedir o utilitzar els serveis i continguts del lloc i<\/span><\/p>\n<\/li>\n<li class=\"wixui-rich-text__text\">\n<p class=\"font_8 wixui-rich-text__text\"><span class=\"wixui-rich-text__text\">Que imprimeixi o emmagatzeni en el seu sistema una c\u00f2pia.<\/span><\/p>\n<\/li>\n<\/ol>\n<p class=\"font_8 wixui-rich-text__text\"><span class=\"wixui-rich-text__text\"><span class=\"wixGuard wixui-rich-text__text\">\u200b<\/span><\/span><\/p>\n<p class=\"font_8 wixui-rich-text__text\"><span class=\"wixui-rich-text__text\">\u00daS DEL PORTAL<\/span><\/p>\n<p class=\"font_8 wixui-rich-text__text\"><span class=\"wixui-rich-text__text\">Aquesta web proporciona l&#8217;acc\u00e9s a multitud d&#8217;informaci\u00f3, serveis, programes o dades (en endavant, &#8220;els continguts&#8221;) a Internet pertanyents al Titular o als seus llicenciants als quals l&#8217;Usuari pot tenir acc\u00e9s.<\/span><\/p>\n<p class=\"font_8 wixui-rich-text__text\"><span class=\"wixui-rich-text__text\"><span class=\"wixGuard wixui-rich-text__text\">\u200b<\/span><\/span><\/p>\n<p class=\"font_8 wixui-rich-text__text\"><span class=\"wixui-rich-text__text\">L&#8217;Usuari assumeix la responsabilitat de l&#8217;\u00fas del portal. Aquesta responsabilitat s&#8217; est\u00e9n al registre que fos necessari per accedir a determinats serveis o continguts. En aquest registre l&#8217;Usuari ser\u00e0 responsable d&#8217;aportar informaci\u00f3 vera\u00e7 i l\u00edcita. Com a conseq\u00fc\u00e8ncia d&#8217; aquest registre, a l&#8217; Usuari se li pot proporcionar una contrasenya de la qual ser\u00e0 responsable, comprometent-se a fer-ne un \u00fas diligent i confidencial.   <\/span><\/p>\n<p class=\"font_8 wixui-rich-text__text\"><span class=\"wixui-rich-text__text\"><span class=\"wixGuard wixui-rich-text__text\">\u200b<\/span><\/span><\/p>\n<p class=\"font_8 wixui-rich-text__text\"><span class=\"wixui-rich-text__text\">L&#8217;Usuari es compromet a fer un \u00fas adequat dels continguts i serveis (per exemple, serveis de xat, f\u00f2rums de discussi\u00f3 o grups de not\u00edcies) que el Titular ofereix a trav\u00e9s del seu portal i amb car\u00e0cter enunciatiu per\u00f2 no limitatiu, a no emprar-los per:<\/span><\/p>\n<p class=\"font_8 wixui-rich-text__text\"><span class=\"wixui-rich-text__text\"><span class=\"wixGuard wixui-rich-text__text\">\u200b<\/span><\/span><\/p>\n<ul class=\"font_8 wixui-rich-text__text\">\n<li class=\"wixui-rich-text__text\">\n<p class=\"font_8 wixui-rich-text__text\"><span class=\"wixui-rich-text__text\">Inc\u00f3rrer en activitats il\u00b7l\u00edcites, il\u00b7legals o contr\u00e0ries a la bona fe i a l&#8217;ordre p\u00fablic.<\/span><\/p>\n<\/li>\n<li class=\"wixui-rich-text__text\">\n<p class=\"font_8 wixui-rich-text__text\"><span class=\"wixui-rich-text__text\">Difondre continguts o propaganda racista, xen\u00f2foba, pornogr\u00e0fic-il\u00b7legal, d&#8217;apologia del terrorisme o atemptat\u00f2ria contra els drets humans.<\/span><\/p>\n<\/li>\n<li class=\"wixui-rich-text__text\">\n<p class=\"font_8 wixui-rich-text__text\"><span class=\"wixui-rich-text__text\">Provocar danys en els sistemes f\u00edsics i l\u00f2gics del Titular, dels seus prove\u00efdors o de terceres persones, introduir o difondre en la xarxa virus inform\u00e0tics o qualssevol altres sistemes f\u00edsics o l\u00f2gics que siguin susceptibles de provocar els danys anteriorment esmentats.<\/span><\/p>\n<\/li>\n<li class=\"wixui-rich-text__text\">\n<p class=\"font_8 wixui-rich-text__text\"><span class=\"wixui-rich-text__text\">Intentar accedir i, si s&#8217; escau, utilitzar els comptes de correu electr\u00f2nic d&#8217; altres usuaris i modificar o manipular els seus missatges.<\/span><\/p>\n<\/li>\n<li class=\"wixui-rich-text__text\">\n<p class=\"font_8 wixui-rich-text__text\"><span class=\"wixui-rich-text__text\">Utilitzar el lloc web ni les informacions que s&#8217;hi contenen amb finalitats comercials, pol\u00edtiques, publicit\u00e0ries i per a qualsevol \u00fas comercial, sobretot en l&#8217;enviament de correus electr\u00f2nics no sol\u00b7licitats.<\/span><\/p>\n<\/li>\n<\/ul>\n<p class=\"font_8 wixui-rich-text__text\"><span class=\"wixui-rich-text__text\"><span class=\"wixGuard wixui-rich-text__text\">\u200b<\/span><\/span><\/p>\n<p class=\"font_8 wixui-rich-text__text\"><span class=\"wixui-rich-text__text\">El Titular es reserva el dret a retirar tots aquells comentaris i aportacions que vulnerin el respecte a la dignitat de la persona, que siguin discriminatoris, xen\u00f2fobs, racistes, pornogr\u00e0fics, que atempten contra la joventut o la inf\u00e0ncia, l&#8217; ordre o la seguretat p\u00fablica o que, al seu judici, no resultaran adequats per a la seva publicaci\u00f3. En qualsevol cas, el Titular no ser\u00e0 responsable de les opinions abocades pels usuaris a trav\u00e9s dels f\u00f2rums, xats, o altres eines de participaci\u00f3. <\/span><\/p>\n<p class=\"font_8 wixui-rich-text__text\"><span class=\"wixui-rich-text__text\"><span class=\"wixGuard wixui-rich-text__text\">\u200b<\/span><\/span><\/p>\n<p class=\"font_8 wixui-rich-text__text\"><span class=\"wixui-rich-text__text\">PROTECCI\u00d3 DE DADES<\/span><\/p>\n<p class=\"font_8 wixui-rich-text__text\"><span class=\"wixui-rich-text__text\">Tot el relatiu al tractament de les seves dades personals, es troba recollit en la <a class=\"wixui-rich-text__text\" href=\"https:\/\/www.hrcore.es\/pol%C3%ADtica-de-privacidad\" target=\"_self\" rel=\"noopener\">pol\u00edtica de privacitat<\/a>.<\/span><\/p>\n<p class=\"font_8 wixui-rich-text__text\"><span class=\"wixui-rich-text__text\"><span class=\"wixGuard wixui-rich-text__text\">\u200b<\/span><\/span><\/p>\n<p class=\"font_8 wixui-rich-text__text\"><span class=\"wixui-rich-text__text\">CONTINGUTS. PROPIETAT INTEL\u00b7LECTUAL I INDUSTRIAL <\/span><\/p>\n<p class=\"font_8 wixui-rich-text__text\"><span class=\"wixui-rich-text__text\">El Titular \u00e9s propietari de tots els drets de propietat intel\u00b7lectual i industrial de la seva p\u00e0gina web, aix\u00ed com dels elements continguts en la mateixa (a t\u00edtol enunciatiu: imatges, fotografies, so, \u00e0udio, v\u00eddeo, programari o textos; marques o logotips, combinacions de colors, estructura i disseny, selecci\u00f3 de materials usats, programes d&#8217;ordinador necessaris per al seu funcionament,  acc\u00e9s i \u00fas, etc.), titularitat del Titular o b\u00e9 dels seus llicenciants.<\/span><\/p>\n<p class=\"font_8 wixui-rich-text__text\"><span class=\"wixui-rich-text__text\"><span class=\"wixGuard wixui-rich-text__text\">\u200b<\/span><\/span><\/p>\n<p class=\"font_8 wixui-rich-text__text\"><span class=\"wixui-rich-text__text\">Tots els drets reservats. En virtut del que disposen els articles 8 i 32.1, par\u00e0graf segon, de la Llei de Propietat Intel\u00b7lectual, queden expressament prohibides la reproducci\u00f3, la distribuci\u00f3 i la comunicaci\u00f3 p\u00fablica, inclosa la seva modalitat de posada a disposici\u00f3, de la totalitat o part dels continguts d&#8217;aquesta p\u00e0gina web, amb finalitats comercials, en qualsevol suport i per qualsevol mitj\u00e0 t\u00e8cnic,  sense l&#8217; autoritzaci\u00f3 del Titular. <\/span><\/p>\n<p class=\"font_8 wixui-rich-text__text\"><span class=\"wixui-rich-text__text\"><span class=\"wixGuard wixui-rich-text__text\">\u200b<\/span><\/span><\/p>\n<p class=\"font_8 wixui-rich-text__text\"><span class=\"wixui-rich-text__text\">EXCLUSI\u00d3 DE GARANTIES I RESPONSABILITAT<\/span><\/p>\n<p class=\"font_8 wixui-rich-text__text\"><span class=\"wixui-rich-text__text\">L&#8217;Usuari reconeix que la utilitzaci\u00f3 de la p\u00e0gina web i dels seus continguts i serveis es desenvolupa sota la seva exclusiva responsabilitat. En concret, a t\u00edtol merament enunciatiu, el Titular no assumeix cap responsabilitat en els \u00e0mbits seg\u00fcents: <\/span><\/p>\n<p class=\"font_8 wixui-rich-text__text\"><span class=\"wixui-rich-text__text\"><span class=\"wixGuard wixui-rich-text__text\">\u200b<\/span><\/span><\/p>\n<ul class=\"font_8 wixui-rich-text__text\">\n<li class=\"wixui-rich-text__text\">\n<p class=\"font_8 wixui-rich-text__text\"><span class=\"wixui-rich-text__text\">La disponibilitat del funcionament de la p\u00e0gina web, els seus serveis i continguts i la seva qualitat o interoperabilitat.<\/span><\/p>\n<\/li>\n<li class=\"wixui-rich-text__text\">\n<p class=\"font_8 wixui-rich-text__text\"><span class=\"wixui-rich-text__text\">La finalitat per a la qual la p\u00e0gina web serveixi als objectius de l&#8217;Usuari.<\/span><\/p>\n<\/li>\n<li class=\"wixui-rich-text__text\">\n<p class=\"font_8 wixui-rich-text__text\"><span class=\"wixui-rich-text__text\">La infracci\u00f3 de la legislaci\u00f3 vigent per part de l&#8217;Usuari o tercers i, en concret, dels drets de propietat intel\u00b7lectual i industrial que siguin titularitat d&#8217;altres persones o entitats.<\/span><\/p>\n<\/li>\n<li class=\"wixui-rich-text__text\">\n<p class=\"font_8 wixui-rich-text__text\"><span class=\"wixui-rich-text__text\">L&#8217; exist\u00e8ncia de codis maliciosos o qualsevol altre element inform\u00e0tic dany\u00f3s que pogu\u00e9s causar el sistema inform\u00e0tic de l&#8217; Usuari o de tercers. Correspon a l&#8217; Usuari, en tot cas, disposar d&#8217; eines adequades per a la detecci\u00f3 i desinfecci\u00f3 d&#8217; aquests elements. <\/span><\/p>\n<\/li>\n<li class=\"wixui-rich-text__text\">\n<p class=\"font_8 wixui-rich-text__text\"><span class=\"wixui-rich-text__text\">L&#8217; acc\u00e9s fraudulent als continguts o serveis per tercers no autoritzats, o, si s&#8217; escau, la captura, eliminaci\u00f3, alteraci\u00f3, modificaci\u00f3 o manipulaci\u00f3 dels missatges i comunicacions de qualsevol classe que aquests tercers puguin realitzar.<\/span><\/p>\n<\/li>\n<li class=\"wixui-rich-text__text\">\n<p class=\"font_8 wixui-rich-text__text\"><span class=\"wixui-rich-text__text\">Els danys produ\u00efts a equips inform\u00e0tics durant l&#8217;acc\u00e9s a la p\u00e0gina web i els danys produ\u00efts als Usuaris quan tinguin el seu origen en fallades o desconnexions a les xarxes de telecomunicacions que interrompen el servei.<\/span><\/p>\n<\/li>\n<li class=\"wixui-rich-text__text\">\n<p class=\"font_8 wixui-rich-text__text\"><span class=\"wixui-rich-text__text\">Els danys o perjudicis que es derivin de circumst\u00e0ncies esdevingudes per cas fortu\u00eft o for\u00e7a major.<\/span><\/p>\n<\/li>\n<\/ul>\n<p class=\"font_8 wixui-rich-text__text\"><span class=\"wixui-rich-text__text\"><span class=\"wixGuard wixui-rich-text__text\">\u200b<\/span><\/span><\/p>\n<p class=\"font_8 wixui-rich-text__text\"><span class=\"wixui-rich-text__text\">En cas que existeixin f\u00f2rums, l&#8217; \u00fas dels mateixos o altres espais an\u00e0legs, s&#8217; ha de tenir en compte que els missatges reflecteixin \u00fanicament l&#8217; opini\u00f3 de l&#8217; Usuari que els remet, que \u00e9s l&#8217; \u00fanic responsable. El Titular no es fa responsable del contingut dels missatges enviats per l&#8217; Usuari. <\/span><\/p>\n<p class=\"font_8 wixui-rich-text__text\"><span class=\"wixui-rich-text__text\"><span class=\"wixGuard wixui-rich-text__text\">\u200b<\/span><\/span><\/p>\n<p class=\"font_8 wixui-rich-text__text\"><span class=\"wixui-rich-text__text\">MODIFICACI\u00d3 D&#8217; AQUEST AV\u00cdS LEGAL I DURADA<\/span><\/p>\n<p class=\"font_8 wixui-rich-text__text\"><span class=\"wixui-rich-text__text\">El Titular es reserva el dret d&#8217; efectuar sense previ av\u00eds les modificacions que consideri oportunes en el seu portal, podent canviar, suprimir o afegir tants continguts i serveis que es prestin a trav\u00e9s de la mateixa, com la forma en la qual aquests apareguin representats o localitzats en el seu portal.<\/span><\/p>\n<p class=\"font_8 wixui-rich-text__text\"><span class=\"wixui-rich-text__text\"><span class=\"wixGuard wixui-rich-text__text\">\u200b<\/span><\/span><\/p>\n<p class=\"font_8 wixui-rich-text__text\"><span class=\"wixui-rich-text__text\">La vig\u00e8ncia de les esmentades condicions anir\u00e0 en funci\u00f3 de la seva exposici\u00f3 i seran vigents fins que siguin modificades per altres degudament publicades.<\/span><\/p>\n<p class=\"font_8 wixui-rich-text__text\"><span class=\"wixui-rich-text__text\"><span class=\"wixGuard wixui-rich-text__text\">\u200b<\/span><\/span><\/p>\n<p class=\"font_8 wixui-rich-text__text\"><span class=\"wixui-rich-text__text\">ENLLA\u00c7OS<\/span><\/p>\n<p class=\"font_8 wixui-rich-text__text\"><span class=\"wixui-rich-text__text\">En el cas que en <a class=\"wixui-rich-text__text\" href=\"http:\/\/www.hrcore.es\/\" target=\"_blank\" rel=\"noopener\" data-auto-recognition=\"true\">www.hrcore.es<\/a> s&#8217; incloguessin enlla\u00e7os o hipervincles cap a altres llocs d&#8217; Internet, el Titular no exercir\u00e0 cap tipus de control sobre aquests llocs i continguts. En cap cas el Titular assumir\u00e0 cap responsabilitat pels continguts d&#8217; algun enlla\u00e7 pertanyent a un lloc web ali\u00e8, ni garantir\u00e0 la disponibilitat t\u00e8cnica, qualitat, fiabilitat, exactitud, amplitud, veracitat, validesa i constitucionalitat de qualsevol mat\u00e8ria o informaci\u00f3 continguda en cap d&#8217; aquests hipervincles i altres llocs a Internet. Igualment, la inclusi\u00f3 d&#8217; aquestes connexions externes no implicar\u00e0 cap tipus d&#8217; associaci\u00f3, fusi\u00f3 o participaci\u00f3 amb les entitats connectades.  <\/span><\/p>\n<p class=\"font_8 wixui-rich-text__text\"><span class=\"wixui-rich-text__text\"><span class=\"wixGuard wixui-rich-text__text\">\u200b<\/span><\/span><\/p>\n<p class=\"font_8 wixui-rich-text__text\"><span class=\"wixui-rich-text__text\">DRETS D&#8217; EXCLUSI\u00d3<\/span><\/p>\n<p class=\"font_8 wixui-rich-text__text\"><span class=\"wixui-rich-text__text\">El Titular ser reserva el dret a denegar o retirar l&#8217;acc\u00e9s al portal i\/o els serveis oferts sense necessitat d&#8217;advert\u00e8ncia pr\u00e8via, a inst\u00e0ncia pr\u00f2pia o d&#8217;un tercer, a aquells usuaris que incompleixin el contingut d&#8217;aquest av\u00eds legal.<\/span><\/p>\n<p class=\"font_8 wixui-rich-text__text\"><span class=\"wixui-rich-text__text\"><span class=\"wixGuard wixui-rich-text__text\">\u200b<\/span><\/span><\/p>\n<p class=\"font_8 wixui-rich-text__text\"><span class=\"wixui-rich-text__text\">GENERALITATS<\/span><\/p>\n<p class=\"font_8 wixui-rich-text__text\"><span class=\"wixui-rich-text__text\">El Titular perseguir\u00e0 l&#8217; incompliment de les presents condicions aix\u00ed com qualsevol utilitzaci\u00f3 indeguda del seu portal exercint totes les accions civils i penals que li puguin correspondre en dret.<\/span><\/p>\n<p class=\"font_8 wixui-rich-text__text\"><span class=\"wixui-rich-text__text\"><span class=\"wixGuard wixui-rich-text__text\">\u200b<\/span><\/span><\/p>\n<p class=\"font_8 wixui-rich-text__text\"><span class=\"wixui-rich-text__text\">LEGISLACI\u00d3 APLICABLE I JURISDICCI\u00d3<\/span><\/p>\n<p class=\"font_8 wixui-rich-text__text\"><span class=\"wixui-rich-text__text\">La relaci\u00f3 entre el Titular i l&#8217; Usuari es regir\u00e0 per la normativa espanyola vigent. Totes les disputes i reclamacions derivades d&#8217;aquest av\u00eds legal es resoldran pels jutjats i tribunals espanyols del consumidor i usuari.   <\/span><\/p>\n<p class=\"font_8 wixui-rich-text__text\"><span class=\"wixui-rich-text__text\"><span class=\"wixGuard wixui-rich-text__text\">\u200b<\/span><\/span><\/p>\n<p class=\"font_8 wixui-rich-text__text\"><span class=\"wixui-rich-text__text\">MENORS D&#8217; EDAT<\/span><\/p>\n<p class=\"font_8 wixui-rich-text__text\"><span class=\"wixui-rich-text__text\">Aquesta web dirigeix els seus serveis a usuaris majors de [***NOTA. 18 anys \u2013 ajustar l&#8217;edat segons el que l&#8217;empresa entengui, no podent en cap cas ser menor 14 anys]. Els menors d&#8217;aquesta edat no estan autoritzats a utilitzar els nostres serveis i no hauran, per tant, enviar-nos les seves dades personals. Informem que si es d\u00f3na aquesta circumst\u00e0ncia, el Titular no es fa responsable de les possibles conseq\u00fc\u00e8ncies que poguessin derivar-se de l&#8217; incompliment de l&#8217; av\u00eds que en aquesta mateixa cl\u00e0usula s&#8217; estableix.  <\/span><\/p>\n<p class=\"font_8 wixui-rich-text__text\"><span class=\"wixui-rich-text__text\"> <\/span><\/p>\n<p class=\"font_8 wixui-rich-text__text\"><span class=\"wixui-rich-text__text\">MESURES DE SEGURETAT &#8211; SSL<\/span><\/p>\n<p class=\"font_8 wixui-rich-text__text\"><span class=\"wixui-rich-text__text\">El Titular ha contractat per al seu lloc web un certificat SSL (\u00abSecure Sockets Layer\u00bb).<\/span><\/p>\n<p class=\"font_8 wixui-rich-text__text\"><span class=\"wixui-rich-text__text\">Un certificat SSL permet protegir tota la informaci\u00f3 personal i confidencial que es pugui manejar en un lloc web, independentment de la informaci\u00f3 que s&#8217;estigui transmetent, com per exemple, des de qualsevol dels formularis de contacte del lloc web fins al servidor, o les dades introdu\u00efdes per a la subscripci\u00f3 de butlletins de not\u00edcies o accessos a les \u00e0rees protegides,  etc.<\/span><\/p>\n<p class=\"font_8 wixui-rich-text__text\"><span class=\"wixui-rich-text__text\">L&#8217;adre\u00e7a del lloc web apareixer\u00e0 en color verd, activant-se el protocol &#8220;https&#8221; que permet connexions segures des d&#8217;un servidor web al navegador de l&#8217;usuari.<\/span><\/p>\n<p class=\"font_8 wixui-rich-text__text\">\n<p class=\"font_8 wixui-rich-text__text\"><span class=\"wixui-rich-text__text\">Darrera revisi\u00f3: 50 de 2025<\/span><\/p>\n<p class=\"font_8 wixui-rich-text__text\"><span class=\"wixui-rich-text__text\"><span class=\"wixGuard wixui-rich-text__text\">\u200b<\/span><\/span><\/p>\n","protected":false},"excerpt":{"rendered":"<p>De conformitat amb el que estableix la Llei 34\/2002, d&#8217;11 de juliol, de serveis de la societat de la informaci\u00f3 i de comer\u00e7 electr\u00f2nic, es facilita la informaci\u00f3 seg\u00fcent: \u200b DADES IDENTIFICATIVES Vost\u00e8 est\u00e0 visitant la p\u00e0gina web www.hrcore.es titularitat PAVIA I ASSOCIATS SERV. EMP. S.L. (HRCORE), amb domicili social en C\/ TOLEDO, 8 (13001 [&hellip;]<\/p>\n","protected":false},"author":1,"featured_media":0,"parent":0,"menu_order":0,"comment_status":"closed","ping_status":"closed","template":"","meta":{"footnotes":""},"class_list":["post-601","page","type-page","status-publish","hentry"],"_links":{"self":[{"href":"https:\/\/hrcore.eu\/ca\/wp-json\/wp\/v2\/pages\/601","targetHints":{"allow":["GET"]}}],"collection":[{"href":"https:\/\/hrcore.eu\/ca\/wp-json\/wp\/v2\/pages"}],"about":[{"href":"https:\/\/hrcore.eu\/ca\/wp-json\/wp\/v2\/types\/page"}],"author":[{"embeddable":true,"href":"https:\/\/hrcore.eu\/ca\/wp-json\/wp\/v2\/users\/1"}],"replies":[{"embeddable":true,"href":"https:\/\/hrcore.eu\/ca\/wp-json\/wp\/v2\/comments?post=601"}],"version-history":[{"count":0,"href":"https:\/\/hrcore.eu\/ca\/wp-json\/wp\/v2\/pages\/601\/revisions"}],"wp:attachment":[{"href":"https:\/\/hrcore.eu\/ca\/wp-json\/wp\/v2\/media?parent=601"}],"curies":[{"name":"wp","href":"https:\/\/api.w.org\/{rel}","templated":true}]}}