{"id":635,"date":"2025-12-04T18:52:07","date_gmt":"2025-12-04T17:52:07","guid":{"rendered":"https:\/\/hrcore.eu\/producto\/manipulacio-d-aliments\/"},"modified":"2025-12-04T18:52:07","modified_gmt":"2025-12-04T17:52:07","slug":"manipulacio-d-aliments","status":"publish","type":"product","link":"https:\/\/hrcore.eu\/ca\/producto\/manipulacio-d-aliments\/","title":{"rendered":"Manipulaci\u00f3 d&#8217; aliments"},"content":{"rendered":"<p><strong>OBJECTIUS DEL CURS (Durada: 6 hores)<\/strong><\/p>\n<p>Satisfer les necessitats de formaci\u00f3, ajustant-se al mateix temps als requisits que les empreses necessiten per complir amb les normes que la legislaci\u00f3 actual marca en mat\u00e8ria de manipulaci\u00f3 d&#8217; aliments. Actualitzar els coneixements en higiene aliment\u00e0ria que garanteixin al professional de l&#8217; alimentaci\u00f3 una formaci\u00f3 competitiva. Aprofundir en mat\u00e8ries \u00edntimament relacionades amb les bones pr\u00e0ctiques aliment\u00e0ries atorgant a l&#8217; alumne una visi\u00f3 m\u00e9s real i completa.<\/p>\n<p><strong>\u2014 1 Malalties transmeses pels aliments<\/strong><\/p>\n<p><strong>\u2014 2 Alteraci\u00f3 i contaminaci\u00f3 d&#8217; aliments<\/strong><\/p>\n<p><strong>\u2014 3 Prevenci\u00f3 de malalties de transmissi\u00f3 aliment\u00e0ria<\/strong><\/p>\n","protected":false},"excerpt":{"rendered":"<p>OBJECTIUS DEL CURS (Durada: 6 hores) Satisfer les necessitats de formaci\u00f3, ajustant-se al mateix temps als requisits que les empreses necessiten per complir amb les normes que la legislaci\u00f3 actual marca en mat\u00e8ria de manipulaci\u00f3 d&#8217; aliments. Actualitzar els coneixements en higiene aliment\u00e0ria que garanteixin al professional de l&#8217; alimentaci\u00f3 una formaci\u00f3 competitiva. Aprofundir en [&hellip;]<\/p>\n","protected":false},"featured_media":422,"template":"","meta":[],"product_brand":[],"product_cat":[29],"product_tag":[],"class_list":{"0":"post-635","1":"product","2":"type-product","3":"status-publish","4":"has-post-thumbnail","6":"product_cat-curs","8":"first","9":"instock","10":"virtual","11":"taxable","12":"purchasable","13":"product-type-simple"},"_links":{"self":[{"href":"https:\/\/hrcore.eu\/ca\/wp-json\/wp\/v2\/product\/635","targetHints":{"allow":["GET"]}}],"collection":[{"href":"https:\/\/hrcore.eu\/ca\/wp-json\/wp\/v2\/product"}],"about":[{"href":"https:\/\/hrcore.eu\/ca\/wp-json\/wp\/v2\/types\/product"}],"wp:featuredmedia":[{"embeddable":true,"href":"https:\/\/hrcore.eu\/ca\/wp-json\/wp\/v2\/media\/422"}],"wp:attachment":[{"href":"https:\/\/hrcore.eu\/ca\/wp-json\/wp\/v2\/media?parent=635"}],"wp:term":[{"taxonomy":"product_brand","embeddable":true,"href":"https:\/\/hrcore.eu\/ca\/wp-json\/wp\/v2\/product_brand?post=635"},{"taxonomy":"product_cat","embeddable":true,"href":"https:\/\/hrcore.eu\/ca\/wp-json\/wp\/v2\/product_cat?post=635"},{"taxonomy":"product_tag","embeddable":true,"href":"https:\/\/hrcore.eu\/ca\/wp-json\/wp\/v2\/product_tag?post=635"}],"curies":[{"name":"wp","href":"https:\/\/api.w.org\/{rel}","templated":true}]}}