{"id":643,"date":"2025-12-04T18:55:18","date_gmt":"2025-12-04T17:55:18","guid":{"rendered":"https:\/\/hrcore.eu\/producto\/angles-b2\/"},"modified":"2025-12-04T18:55:18","modified_gmt":"2025-12-04T17:55:18","slug":"angles-b2","status":"publish","type":"product","link":"https:\/\/hrcore.eu\/ca\/producto\/angles-b2\/","title":{"rendered":"Angl\u00e8s B2"},"content":{"rendered":"<p><strong>OBJECTIUS DEL CURS (Durada: 90 hores)<\/strong><\/p>\n<p>Aquest curs busca capacitar l&#8217; alumnat per a l&#8217; \u00fas de l&#8217; idioma amb soltesa i efic\u00e0cia en situacions habituals i una mica m\u00e9s concretes que requereixin comprendre, produir i tractar textos una mica m\u00e9s complexos, i que tractin sobre temes generals.<br \/>\nAl llarg del temari s&#8217;estudiar\u00e0: Adjective order &#8211; Present Perfect Simple or Present Perfect Continuous &#8211; Past Perfect Tense &#8211; Reported speech &#8211; formes interrogatives en l&#8217;estil indirecte &#8211; Compound adjectives &#8211; The Second Conditional &#8211; Third Conditional Review &#8211; A different use of would &#8211; Relative clauses &#8211; All and whole &#8211; Adjectives with numbers &#8211; The Passive &#8211; Phrasal verbs with up &#8211; Reported Speech &#8211; Expressing probability,  possibility, certainty &#8211; Present, Past and Future &#8211; Question tags<\/p>\n<p><strong>1 Unit 1 &#8211; Adjective order &#8211; Present perfect simple or Present perfect continuous<\/strong><\/p>\n<p><strong>2 Unit 2 &#8211; Past perfect tense &#8211; Reported speech &#8211; Interrogatives in reported speech<\/strong><\/p>\n<p><strong>3 Unit 3 &#8211; Compound adjectives &#8211; The Second Conditional<\/strong><\/p>\n<p><strong>4 Unit 4 &#8211; Third Conditional Review &#8211; A different use of would<\/strong><\/p>\n<p><strong>5 Unit 5 &#8211; Relative clauses &#8211; All and whole<\/strong><\/p>\n<p><strong>6 Unit 6 &#8211; Adjectives with numbers &#8211; The Passive<\/strong><\/p>\n<p><strong>7 Unit 7 &#8211; Phrasal verbs with up &#8211; Reported Speech<\/strong><\/p>\n<p><strong>8 Unit 8 &#8211; Expressing probability, possibility, certainty &#8211; Present, Past and Future<\/strong><\/p>\n<p><strong>9 Unit 9 &#8211; Question tags<\/strong><\/p>\n","protected":false},"excerpt":{"rendered":"<p>OBJECTIUS DEL CURS (Durada: 90 hores) Aquest curs busca capacitar l&#8217; alumnat per a l&#8217; \u00fas de l&#8217; idioma amb soltesa i efic\u00e0cia en situacions habituals i una mica m\u00e9s concretes que requereixin comprendre, produir i tractar textos una mica m\u00e9s complexos, i que tractin sobre temes generals. Al llarg del temari s&#8217;estudiar\u00e0: Adjective order [&hellip;]<\/p>\n","protected":false},"featured_media":421,"template":"","meta":[],"product_brand":[],"product_cat":[29],"product_tag":[],"class_list":{"0":"post-643","1":"product","2":"type-product","3":"status-publish","4":"has-post-thumbnail","6":"product_cat-curs","8":"first","9":"instock","10":"virtual","11":"taxable","12":"purchasable","13":"product-type-simple"},"_links":{"self":[{"href":"https:\/\/hrcore.eu\/ca\/wp-json\/wp\/v2\/product\/643","targetHints":{"allow":["GET"]}}],"collection":[{"href":"https:\/\/hrcore.eu\/ca\/wp-json\/wp\/v2\/product"}],"about":[{"href":"https:\/\/hrcore.eu\/ca\/wp-json\/wp\/v2\/types\/product"}],"wp:featuredmedia":[{"embeddable":true,"href":"https:\/\/hrcore.eu\/ca\/wp-json\/wp\/v2\/media\/421"}],"wp:attachment":[{"href":"https:\/\/hrcore.eu\/ca\/wp-json\/wp\/v2\/media?parent=643"}],"wp:term":[{"taxonomy":"product_brand","embeddable":true,"href":"https:\/\/hrcore.eu\/ca\/wp-json\/wp\/v2\/product_brand?post=643"},{"taxonomy":"product_cat","embeddable":true,"href":"https:\/\/hrcore.eu\/ca\/wp-json\/wp\/v2\/product_cat?post=643"},{"taxonomy":"product_tag","embeddable":true,"href":"https:\/\/hrcore.eu\/ca\/wp-json\/wp\/v2\/product_tag?post=643"}],"curies":[{"name":"wp","href":"https:\/\/api.w.org\/{rel}","templated":true}]}}